{"id":100,"date":"2015-11-08T14:21:14","date_gmt":"2015-11-08T14:21:14","guid":{"rendered":"http:\/\/www.deriese.de\/?page_id=100"},"modified":"2015-11-08T19:30:32","modified_gmt":"2015-11-08T19:30:32","slug":"wiesbadener-tabelle-der-fluggastrechte-erste-hilfe-bei-flugverspaetung-und-annullierung","status":"publish","type":"page","link":"https:\/\/www.deriese.de\/?page_id=100","title":{"rendered":"Wiesbadener Tabelle der Fluggastrechte \u2013 \u201eErste Hilfe\u201c bei Flugversp\u00e4tung und Annullierung"},"content":{"rendered":"<p><b>Der Flugreisende kann Anspr\u00fcche auf Ausgleichszahlungen gegen\u00fcber der Fluggesellschaft aus der EU-VO 261\/04 bei Annullierung eines Fluges oder Nichtbef\u00f6rderung wegen \u00dcberbuchung oder auch bei erheblicher Versp\u00e4tung eines Fluges haben.<\/b><\/p>\n<p>In Kurzform hei\u00dft das: Wenn Flugg\u00e4ste ihr Ziel drei Stunden oder mehr nach der geplanten Ankunft erst erreichen, dann k\u00f6nnen sie unter bestimmten Voraussetzungen vom Luftfahrtunternehmen, also der Fluggesellschaft, die sie tats\u00e4chlich transportiert hat, eine pauschale Ausgleichszahlung verlangen (je nach Entfernung zwischen 250,&#8211; und 600,&#8211; Euro je Reisendem). Das gilt aber dann nicht, wenn die Versp\u00e4tung oder Annullierung auf au\u00dfergew\u00f6hnliche Umst\u00e4nde zur\u00fcckzuf\u00fchren sein sollte. Auf Fluggesellschaften mit Sitz au\u00dferhalb der EU ist die EU-VO 261\/04 au\u00dferdem nur bei Fl\u00fcgen anwendbar, die in der EU starten.<\/p>\n<p>Das kann dann im Detail schon mal komplizierter sein. Wann ist eine Versp\u00e4tung auf au\u00dfergew\u00f6hnliche Umst\u00e4nde zur\u00fcckzuf\u00fchren? Zu diesem Thema gibt es mittlerweile eine umfangreiche Zahl von Urteilen, aber wo finde ich die? Bei Pauschalreisen sind die Reisepreisminderungstabellen mittlerweile relativ bekannt und meist im Internet auch im Zugriff. Etwas Vergleichbares gibt es nun auch zu den Fluggastrechten, n\u00e4mlich die \u201eWiesbadener Tabelle der Fluggastrechte&#8220;.<\/p>\n<p>Meine Anwaltskollegen bei <a href=\"http:\/\/www.reiserechtsanw\u00e4lte.net\">http:\/\/www.reiserechtsanw\u00e4lte.net<\/a><\/p>\n<p>Rechtsanwalt Prof. Dr. Ronald Schmid, Frankfurt\/Wiesbaden und Rechtsanwalt Holger Hopperdietzel, Wiesbaden sind Herausgeber dieser Tabelle.<\/p>\n<p>Diese Tabelle k\u00f6nnen Sie sich auf <a href=\"http:\/\/www.wiesbadener-tabelle.de\">http:\/\/www.wiesbadener-tabelle.de<\/a> direkt ansehen. Als erste Hilfe, wenn es mal komplizierter wird bei Flugversp\u00e4tung und Annullierung.<\/p>\n","protected":false},"excerpt":{"rendered":"<p>Der Flugreisende kann Anspr\u00fcche auf Ausgleichszahlungen gegen\u00fcber der Fluggesellschaft aus der EU-VO 261\/04 bei Annullierung eines Fluges oder Nichtbef\u00f6rderung wegen \u00dcberbuchung oder auch bei erheblicher Versp\u00e4tung eines Fluges haben. In Kurzform hei\u00dft das: Wenn Flugg\u00e4ste ihr Ziel drei Stunden oder mehr nach der geplanten Ankunft erst erreichen, dann k\u00f6nnen sie unter bestimmten Voraussetzungen vom Luftfahrtunternehmen, [&hellip;]<\/p>\n","protected":false},"author":1,"featured_media":0,"parent":10,"menu_order":0,"comment_status":"closed","ping_status":"closed","template":"","meta":{"footnotes":""},"class_list":["post-100","page","type-page","status-publish","hentry"],"_links":{"self":[{"href":"https:\/\/www.deriese.de\/index.php?rest_route=\/wp\/v2\/pages\/100"}],"collection":[{"href":"https:\/\/www.deriese.de\/index.php?rest_route=\/wp\/v2\/pages"}],"about":[{"href":"https:\/\/www.deriese.de\/index.php?rest_route=\/wp\/v2\/types\/page"}],"author":[{"embeddable":true,"href":"https:\/\/www.deriese.de\/index.php?rest_route=\/wp\/v2\/users\/1"}],"replies":[{"embeddable":true,"href":"https:\/\/www.deriese.de\/index.php?rest_route=%2Fwp%2Fv2%2Fcomments&post=100"}],"version-history":[{"count":2,"href":"https:\/\/www.deriese.de\/index.php?rest_route=\/wp\/v2\/pages\/100\/revisions"}],"predecessor-version":[{"id":113,"href":"https:\/\/www.deriese.de\/index.php?rest_route=\/wp\/v2\/pages\/100\/revisions\/113"}],"up":[{"embeddable":true,"href":"https:\/\/www.deriese.de\/index.php?rest_route=\/wp\/v2\/pages\/10"}],"wp:attachment":[{"href":"https:\/\/www.deriese.de\/index.php?rest_route=%2Fwp%2Fv2%2Fmedia&parent=100"}],"curies":[{"name":"wp","href":"https:\/\/api.w.org\/{rel}","templated":true}]}}