{"id":19,"date":"2015-10-24T11:38:03","date_gmt":"2015-10-24T11:38:03","guid":{"rendered":"http:\/\/test.deriese.de\/?page_id=19"},"modified":"2015-11-08T14:30:19","modified_gmt":"2015-11-08T14:30:19","slug":"arzthaftungsrecht","status":"publish","type":"page","link":"https:\/\/www.deriese.de\/?page_id=19","title":{"rendered":"Arzthaftungsrecht"},"content":{"rendered":"<p>Beim Arzthaftungsrecht geht es um \u00e4rztliche Behandlungsfehler. Bei der Behandlung durch \u00c4rzte in ihrer Praxis oder bei Operationen im Krankenhaus geschehen leider auch Behandlungsfehler &#8211; alle Menschen machen Fehler. Daraus k\u00f6nnen sich bei Vorliegen bestimmter Voraussetzungen Anspr\u00fcche auf Schmerzensgeld und Schadensersatz ergeben. Ist keine au\u00dfergerichtliche L\u00f6sung m\u00f6glich, ist gegebenenfalls zu klagen, damit durch Sachverst\u00e4ndigengutachten dann der Behandlungsfehler best\u00e4tigt werden kann. Zunehmend besch\u00e4ftige ich mich mit Fehlern von Zahn\u00e4rzten. Da trifft den Patienten ein Fehler nat\u00fcrlich besonders massiv. Bei der Versorgung mit Zahnersatz, Kronen oder Aufbissschienen kann nat\u00fcrlich mal was schief gehen. Ein Klassiker sind nat\u00fcrlich auch Behandlungsfehler bei so genannten Sch\u00f6nheitsoperationen. &#8222;Sch\u00f6nheitsoperationen&#8220; sind rein kosmetische Operationen, die medizinisch nicht notwendig sind.<\/p>\n<p>Diese Anspr\u00fcche zu pr\u00fcfen und gegebenenfalls auch gerichtlich\u00a0durchzusetzen geh\u00f6rt zu meinen T\u00e4tigkeiten als Rechtsanwalt, etwa wie folgt beim<\/p>\n<h2>SCHMERZENSGELD NACH ZAHNBEHANDLUNG<\/h2>\n<p>Das Landgerichts Krefeld (Aktenzeichen 3 O 19\/14) hat mit Urteil vom 20.11.2014 eine Zahn\u00e4rztin verurteilt, nach fehlerhafter zahnmedizinischer Behandlung (Br\u00fccken- und Kronenkonstruktionen) Schadensersatz f\u00fcr die Neuanfertigung drei Br\u00fccken zu zahlen, um die Funktion des Gebisses wiederherzustellen. Auch muss die Zahn\u00e4rztin Schmerzensgeld zahlen. Das Urteil ist allerdings noch nicht rechtskr\u00e4ftig, weil die beklagte Zahn\u00e4rztin Berufung eingelegt hat. F\u00fcr meine Mandantin als Kl\u00e4gerin bleibt nun das Berufungsverfahren abzuwarten. Das Landgericht war vor dem Hintergrund der \u201enachvollziehbaren und \u00fcberzeugenden schriftlichen Ausf\u00fchrungen des Sachverst\u00e4ndigen\u201c davon \u00fcberzeugt, dass die prothetische Versorgung der Mandantin fehlerhaft gewesen sei. Das von der Zahn\u00e4rztin erzielte Behandlungsergebnis habe nicht den Anforderungen an eine fachgerechte zahnmedizinische Behandlung entsprochen. Beim Schmerzensgeld ber\u00fccksichtigte das Gericht, \u201edass die Kl\u00e4gerin infolge der Zahnextraktion und dem in diesem Zusammenhang im Kiefer verbliebenen Teilst\u00fcck starke Schmerzen erlitten hat und zwei Operationen notwendig wurden. Neben den Schmerzen schwoll aufgrund der Entz\u00fcndung das Gesicht der Kl\u00e4gerin an. Dar\u00fcber hinaus hat der fehlerhafte Einsatz der Br\u00fccken Schmerzen verursacht&#8220;.<\/p>\n","protected":false},"excerpt":{"rendered":"<p>Beim Arzthaftungsrecht geht es um \u00e4rztliche Behandlungsfehler. Bei der Behandlung durch \u00c4rzte in ihrer Praxis oder bei Operationen im Krankenhaus geschehen leider auch Behandlungsfehler &#8211; alle Menschen machen Fehler. Daraus k\u00f6nnen sich bei Vorliegen bestimmter Voraussetzungen Anspr\u00fcche auf Schmerzensgeld und Schadensersatz ergeben. Ist keine au\u00dfergerichtliche L\u00f6sung m\u00f6glich, ist gegebenenfalls zu klagen, damit durch Sachverst\u00e4ndigengutachten dann [&hellip;]<\/p>\n","protected":false},"author":1,"featured_media":0,"parent":2,"menu_order":0,"comment_status":"closed","ping_status":"closed","template":"","meta":{"footnotes":""},"class_list":["post-19","page","type-page","status-publish","hentry"],"_links":{"self":[{"href":"https:\/\/www.deriese.de\/index.php?rest_route=\/wp\/v2\/pages\/19"}],"collection":[{"href":"https:\/\/www.deriese.de\/index.php?rest_route=\/wp\/v2\/pages"}],"about":[{"href":"https:\/\/www.deriese.de\/index.php?rest_route=\/wp\/v2\/types\/page"}],"author":[{"embeddable":true,"href":"https:\/\/www.deriese.de\/index.php?rest_route=\/wp\/v2\/users\/1"}],"replies":[{"embeddable":true,"href":"https:\/\/www.deriese.de\/index.php?rest_route=%2Fwp%2Fv2%2Fcomments&post=19"}],"version-history":[{"count":5,"href":"https:\/\/www.deriese.de\/index.php?rest_route=\/wp\/v2\/pages\/19\/revisions"}],"predecessor-version":[{"id":112,"href":"https:\/\/www.deriese.de\/index.php?rest_route=\/wp\/v2\/pages\/19\/revisions\/112"}],"up":[{"embeddable":true,"href":"https:\/\/www.deriese.de\/index.php?rest_route=\/wp\/v2\/pages\/2"}],"wp:attachment":[{"href":"https:\/\/www.deriese.de\/index.php?rest_route=%2Fwp%2Fv2%2Fmedia&parent=19"}],"curies":[{"name":"wp","href":"https:\/\/api.w.org\/{rel}","templated":true}]}}