{"id":68,"date":"2015-10-24T13:32:36","date_gmt":"2015-10-24T13:32:36","guid":{"rendered":"http:\/\/test.deriese.de\/?page_id=68"},"modified":"2015-10-24T13:32:36","modified_gmt":"2015-10-24T13:32:36","slug":"veroeffentlichungen","status":"publish","type":"page","link":"https:\/\/www.deriese.de\/?page_id=68","title":{"rendered":"Ver\u00f6ffentlichungen"},"content":{"rendered":"<h2>Ich habe Aufs\u00e4tze, Urteilsanmerkungen und Buchbesprechungen ver\u00f6ffentlicht:<\/h2>\n<blockquote>\n<ul>\n<li>Anmerkung zu AG Lemgo 18 C 30\/94,<br \/>\nZMR 1994, 416<\/li>\n<li>Aufsatz &#8222;zur Anwendbarkeit des HwiGes auf Hausbesuche zur Mieterh\u00f6hung&#8220;,<br \/>\nZMR 1994, 449<\/li>\n<li>Aufsatz &#8222;Zur Vollstreckung gegen Lebensgef\u00e4hrten bei Zwangsr\u00e4umung&#8220;,<br \/>\nZMR 1994, 549<\/li>\n<li>Aufsatz &#8222;Erleichtert der Blick in das Gesetz die Rechtsfindung?&#8220;,<br \/>\nZMR 1995, 342<\/li>\n<li>Anmerkung zu OLG Hamburg 3 U 109\/00,<br \/>\nMMR 2001, 318, 319<\/li>\n<li>Anmerkung zu OLG D\u00fcsseldorf 20 U 120\/00,<br \/>\nMMR 2001, 111, 113<\/li>\n<li>Rezension zu Endress Wanckel und Kai Nitschke, Foto- und Bildrecht,<br \/>\nMMR\u00a06\/2005<\/li>\n<li>Rezension zu Harro von Have, Filmf\u00f6rderungsgesetz<br \/>\nMMR 12\/2005<\/li>\n<li>Anmerkung zu Amtsgericht Duisburg Urteil vom 25.11.2008 51 C 3840\/08, RRa 2\/2009 Zeitschrift Reiserecht aktuell RRa 2009, Seite 85<\/li>\n<\/ul>\n<p>Gelegentlich sende ich Urteile aus dem Reiserecht an die RRa &#8211; die Zeitschrift Reiserecht Aktuell.<\/p><\/blockquote>\n","protected":false},"excerpt":{"rendered":"<p>Ich habe Aufs\u00e4tze, Urteilsanmerkungen und Buchbesprechungen ver\u00f6ffentlicht: Anmerkung zu AG Lemgo 18 C 30\/94, ZMR 1994, 416 Aufsatz &#8222;zur Anwendbarkeit des HwiGes auf Hausbesuche zur Mieterh\u00f6hung&#8220;, ZMR 1994, 449 Aufsatz &#8222;Zur Vollstreckung gegen Lebensgef\u00e4hrten bei Zwangsr\u00e4umung&#8220;, ZMR 1994, 549 Aufsatz &#8222;Erleichtert der Blick in das Gesetz die Rechtsfindung?&#8220;, ZMR 1995, 342 Anmerkung zu OLG Hamburg [&hellip;]<\/p>\n","protected":false},"author":1,"featured_media":0,"parent":0,"menu_order":0,"comment_status":"closed","ping_status":"closed","template":"","meta":{"footnotes":""},"class_list":["post-68","page","type-page","status-publish","hentry"],"_links":{"self":[{"href":"https:\/\/www.deriese.de\/index.php?rest_route=\/wp\/v2\/pages\/68"}],"collection":[{"href":"https:\/\/www.deriese.de\/index.php?rest_route=\/wp\/v2\/pages"}],"about":[{"href":"https:\/\/www.deriese.de\/index.php?rest_route=\/wp\/v2\/types\/page"}],"author":[{"embeddable":true,"href":"https:\/\/www.deriese.de\/index.php?rest_route=\/wp\/v2\/users\/1"}],"replies":[{"embeddable":true,"href":"https:\/\/www.deriese.de\/index.php?rest_route=%2Fwp%2Fv2%2Fcomments&post=68"}],"version-history":[{"count":1,"href":"https:\/\/www.deriese.de\/index.php?rest_route=\/wp\/v2\/pages\/68\/revisions"}],"predecessor-version":[{"id":69,"href":"https:\/\/www.deriese.de\/index.php?rest_route=\/wp\/v2\/pages\/68\/revisions\/69"}],"wp:attachment":[{"href":"https:\/\/www.deriese.de\/index.php?rest_route=%2Fwp%2Fv2%2Fmedia&parent=68"}],"curies":[{"name":"wp","href":"https:\/\/api.w.org\/{rel}","templated":true}]}}